{"id":63,"date":"2025-12-22T16:48:10","date_gmt":"2025-12-22T16:48:10","guid":{"rendered":"https:\/\/redisan.ntss.com.ar\/?page_id=63"},"modified":"2026-04-15T17:07:37","modified_gmt":"2026-04-15T20:07:37","slug":"home","status":"publish","type":"page","link":"https:\/\/redisan.com.ar\/","title":{"rendered":"INICIO"},"content":{"rendered":"<div class=\"et_pb_section_0 et_pb_section et_pb_fullwidth_section et_section_regular et_block_section section_has_divider et_pb_bottom_divider\">\n<div class=\"et_pb_fullwidth_slider_0 et_pb_slider et_pb_module\"><div class=\"et_pb_slides\">\n<div class=\"et_pb_slide_0 et_pb_slide et_pb_slide_with_image et_pb_media_alignment_center et_pb_bg_layout_dark et_pb_text_align_center\" data-slide-id=\"divi\/slide-0\"><div class=\"et_pb_container\"><div class=\"et_pb_slider_container_inner\"><div class=\"et_pb_slide_image\"><img loading=\"lazy\" decoding=\"async\" src=\"https:\/\/redisan.com.ar\/wp-content\/uploads\/2026\/01\/img-banner-01.png\" width=\"581\" height=\"479\" srcset=\"https:\/\/redisan.com.ar\/wp-content\/uploads\/2026\/01\/img-banner-01.png 581w, https:\/\/redisan.com.ar\/wp-content\/uploads\/2026\/01\/img-banner-01-480x396.png 480w\" sizes=\"(min-width: 0px) and (max-width: 480px) 480px, (min-width: 481px) 581px, 100vw\" class=\"wp-image-287\" \/><\/div><div class=\"et_pb_slide_description\"><h2 class=\"et_pb_slide_title\">LIDER EN FUNDICI\u00d3N DE HIERRO GRIS Y NODULAR<\/h2><div class=\"et_pb_slide_content\"><p>CONTAMOS CON UNA GRAN VARIEDAD DE PRODUCTOS HOMOLOGADOS QUE CERTIFICAN NUESTRA CALIDAD<\/p>\n<\/div><div class=\"et_pb_button_wrapper\"><a class=\"et_pb_button et_pb_more_button\" href=\"\">VER PRODUCTOS<\/a><\/div><\/div><\/div><\/div><\/div>\n\n<div class=\"et_pb_slide_1 et_pb_slide et_pb_media_alignment_center et_pb_bg_layout_dark et_pb_text_align_left\" data-slide-id=\"divi\/slide-1\"><div class=\"et_pb_container\"><div class=\"et_pb_slider_container_inner\"><div class=\"et_pb_slide_description\"><h2 class=\"et_pb_slide_title\">EXPERIENCIA Y CALIDAD<\/h2><div class=\"et_pb_slide_content\"><p>CONTAMOS CON UNA GRAN VARIEDAD DE PRODUCTOS HOMOLOGADOS QUE CERTIFICAN NUESTRA CALIDAD<\/p>\n<\/div><div class=\"et_pb_button_wrapper\"><a class=\"et_pb_button et_pb_more_button\" href=\"\">VER PRODUCTOS<\/a><\/div><\/div><\/div><\/div><\/div>\n<\/div><\/div>\n<div class=\"et_pb_bottom_inside_divider et-no-transition\"><\/div><\/div>\n\n<div class=\"et_pb_section_1 et_pb_section et_section_regular et_block_section\">\n<div class=\"et_pb_row_0 et_pb_row et_block_row\">\n<div class=\"et_pb_column_0 et_pb_column et_pb_column_2_3 et_block_column et_pb_css_mix_blend_mode_passthrough\">\n<div class=\"et_pb_text_0 et_pb_text et_pb_bg_layout_light et_pb_module et_block_module\"><div class=\"et_pb_text_inner\"><h2>Nuestra Empresa<\/h2>\n<\/div><\/div>\n\n<div class=\"et_pb_text_1 et_pb_text et_pb_bg_layout_light et_pb_module et_block_module\"><div class=\"et_pb_text_inner\"><p><strong style=\"font-size: 15px;\">REDISAN S.R.L.<\/strong><span style=\"font-size: 15px;\"> se constituye a mediados del a\u00f1o 2002, pero tras ella existe una historia familiar de fundidores con mas de 60 a\u00f1os en el rubro. Surge para cubrir la demanda creciente de fundici\u00f3n nodular y gris en el mercado nacional e internacional.<\/span><strong><\/strong><\/p>\n<p>Esta formada por personas con gran experiencia t\u00e9cnica y comercial en el sector de fundici\u00f3n, comercializaci\u00f3n y comunicaci\u00f3n.<\/p>\n<p>Se compatibilizan experiencia y profesionalidad con innovaci\u00f3n tecnol\u00f3gica y productiva para satisfacer las exigencias y normativas que requiere el mercado.<\/p>\n<\/div><\/div>\n\n<div class=\"et_pb_module et_pb_button_module_wrapper et_pb_button_0_wrapper\"><a class=\"et_pb_button_0 et_pb_button et_pb_bg_layout_light et_pb_module et_block_module\" href=\"https:\/\/redisan.com.ar\/index.php\/empresa\/\" data-icon=\"$\">m\u00e1s info<\/a><\/div>\n<\/div>\n\n<div class=\"et_pb_column_1 et_pb_column et_pb_column_1_3 et-last-child et_block_column et_pb_css_mix_blend_mode_passthrough\">\n<div class=\"et_pb_image_0 et_pb_image et_pb_module et_block_module\"><span class=\"et_pb_image_wrap\"><img loading=\"lazy\" decoding=\"async\" src=\"https:\/\/redisan.com.ar\/wp-content\/uploads\/2026\/02\/foto-02.jpg\" width=\"663\" height=\"852\" srcset=\"https:\/\/redisan.com.ar\/wp-content\/uploads\/2026\/02\/foto-02.jpg 663w, https:\/\/redisan.com.ar\/wp-content\/uploads\/2026\/02\/foto-02-480x617.jpg 480w\" sizes=\"(min-width: 0px) and (max-width: 480px) 480px, (min-width: 481px) 663px, 100vw\" class=\"wp-image-327\" \/><\/span><\/div>\n<\/div>\n<\/div>\n<\/div>\n\n<div class=\"et_pb_section_2 et_pb_section et_section_regular et_block_section\">\n<div class=\"et_pb_row_1 et_pb_row et_block_row\">\n<div class=\"et_pb_column_2 et_pb_column et_pb_column_4_4 et-last-child et_block_column et_pb_css_mix_blend_mode_passthrough\">\n<div class=\"et_pb_text_2 et_pb_text et_pb_bg_layout_light et_pb_module et_block_module\"><div class=\"et_pb_text_inner\"><h2 style=\"text-align: left\"><span style=\"font-size: x-large\">Nuestros Proyectos<\/span><\/h2>\n<\/div><\/div>\n<\/div>\n<\/div>\n\n<div class=\"et_pb_row_2 et_pb_row et_block_row\">\n<div class=\"et_pb_column_3 et_pb_column et_pb_column_1_3 et_block_column et_pb_css_mix_blend_mode_passthrough et_animated\">\n<div class=\"et_pb_image_1 et_pb_image et_pb_module et_block_module\"><span class=\"et_pb_image_wrap\"><img decoding=\"async\" src=\"https:\/\/redisan.ntss.com.ar\/wp-content\/uploads\/2026\/01\/pro-01.png\" title=\"pro-01\" \/><\/span><\/div>\n\n<div class=\"et_pb_cta_0 et_pb_promo et_pb_bg_layout_light et_pb_module et_block_module\"><div class=\"et_pb_promo_description\"><h2 class=\"et_pb_module_header\">Casa Rosada<\/h2><\/div><\/div>\n<\/div>\n\n<div class=\"et_pb_column_4 et_pb_column et_pb_column_1_3 et_block_column et_pb_css_mix_blend_mode_passthrough et_animated\">\n<div class=\"et_pb_image_2 et_pb_image et_pb_module et_block_module\"><span class=\"et_pb_image_wrap\"><img decoding=\"async\" src=\"https:\/\/redisan.ntss.com.ar\/wp-content\/uploads\/2026\/01\/pro-02.png\" title=\"pro-02\" \/><\/span><\/div>\n\n<div class=\"et_pb_cta_1 et_pb_promo et_pb_bg_layout_light et_pb_module et_block_module\"><div class=\"et_pb_promo_description\"><h2 class=\"et_pb_module_header\">Nordelta<\/h2><\/div><\/div>\n<\/div>\n\n<div class=\"et_pb_column_5 et_pb_column et_pb_column_1_3 et-last-child et_block_column et_pb_css_mix_blend_mode_passthrough et_animated\">\n<div class=\"et_pb_image_3 et_pb_image et_pb_module et_block_module\"><span class=\"et_pb_image_wrap\"><img decoding=\"async\" src=\"https:\/\/redisan.ntss.com.ar\/wp-content\/uploads\/2026\/01\/pro-03.png\" title=\"pro-03\" \/><\/span><\/div>\n\n<div class=\"et_pb_cta_2 et_pb_promo et_pb_bg_layout_light et_pb_module et_block_module\"><div class=\"et_pb_promo_description\"><h2 class=\"et_pb_module_header\">Bajo Porte\u00f1o<\/h2><\/div><\/div>\n<\/div>\n<\/div>\n<\/div>\n\n<div class=\"et_pb_section_3 et_pb_section et_section_regular et_block_section\">\n<div class=\"et_pb_row_3 et_pb_row et_block_row\">\n<div class=\"et_pb_column_6 et_pb_column et_pb_column_1_2 et_block_column et_pb_css_mix_blend_mode_passthrough\">\n<div class=\"et_pb_text_3 et_pb_text et_pb_bg_layout_dark et_animated et_pb_module et_block_module\"><div class=\"et_pb_text_inner\"><h2>Metas claras<\/h2>\n<\/div><\/div>\n\n<div class=\"et_pb_text_4 et_pb_text et_pb_bg_layout_dark et_animated et_pb_module et_block_module\"><div class=\"et_pb_text_inner\"><p>Nuestro objetivo es hacer de las palabras \"calidad y servicio\" nuestro \u00fanico camino a recorrer y sabiendo que si no nos apartamos de \u00e9l nuestro objetivo esta altamente cumplido. El mismo se debe reflejar en los clientes, los cuales son nuestro mayor tesoro y responsabilidad.<\/p>\n<\/div><\/div>\n\n<div class=\"et_pb_module et_pb_button_module_wrapper et_pb_button_1_wrapper\"><a class=\"et_pb_button_1 et_pb_button et_pb_bg_layout_light et_animated et_pb_module et_block_module\" href=\"https:\/\/redisan.com.ar\/index.php\/contacto\/\" data-icon=\"$\">cont\u00e1ctenos<\/a><\/div>\n<\/div>\n\n<div class=\"et_pb_column_7 et_pb_column et_pb_column_1_2 et-last-child et_block_column et_pb_column_empty et_pb_css_mix_blend_mode_passthrough\"><\/div>\n<\/div>\n<\/div>\n\n<div class=\"et_pb_section_4 et_pb_section et_section_regular et_block_section section_has_divider et_pb_bottom_divider\">\n<div class=\"et_pb_row_4 et_pb_row et_block_row\">\n<div class=\"et_pb_column_8 et_pb_column et_pb_column_4_4 et-last-child et_block_column et_pb_css_mix_blend_mode_passthrough\">\n<div class=\"et_pb_text_5 et_pb_text et_pb_bg_layout_light et_pb_module et_block_module\"><div class=\"et_pb_text_inner\"><h2>\u00bfPor qu\u00e9 nos siguen eligiendo?<\/h2>\n<\/div><\/div>\n<\/div>\n<\/div>\n\n<div class=\"et_pb_row_5 et_pb_row et_pb_row_5col et_pb_gutters2 et_block_row et_block_row_5col\">\n<div class=\"et_pb_column_9 et_pb_column et_pb_column_1_5 et_block_column et_pb_css_mix_blend_mode_passthrough\">\n<div class=\"et_pb_testimonial_0 et_pb_testimonial et_pb_icon_off et_pb_bg_layout_light et_pb_module et_block_module\"><div class=\"et_pb_testimonial_inner\"><div class=\"et_pb_testimonial_portrait\" style=\"background-image:url(https:\/\/redisan.ntss.com.ar\/wp-content\/uploads\/2025\/12\/stars-5.png)\"><\/div><div class=\"et_pb_testimonial_description\"><div class=\"et_pb_testimonial_description_inner\"><div class=\"et_pb_testimonial_content\"><p>\"Gracias por la atenci\u00f3n recibida, en particular por fabricar las tapas personalizadas, le dio un toque distintivo a nuestro Barrio Privado.\"<\/p>\n<\/div><\/div><div class=\"et_pb_testimonial_meta\"><\/div><\/div><\/div><\/div>\n<\/div>\n\n<div class=\"et_pb_column_10 et_pb_column et_pb_column_1_5 et_block_column et_pb_css_mix_blend_mode_passthrough\">\n<div class=\"et_pb_testimonial_1 et_pb_testimonial et_pb_icon_off et_pb_bg_layout_light et_pb_module et_block_module\"><div class=\"et_pb_testimonial_inner\"><div class=\"et_pb_testimonial_portrait\" style=\"background-image:url(https:\/\/redisan.ntss.com.ar\/wp-content\/uploads\/2025\/12\/stars-5.png)\"><\/div><div class=\"et_pb_testimonial_description\"><div class=\"et_pb_testimonial_description_inner\"><div class=\"et_pb_testimonial_content\"><p>\"Tienen un gran equipo t\u00e9cnico que le da soluci\u00f3n a las dudas que surgieron de obra.\"<\/p>\n<\/div><\/div><div class=\"et_pb_testimonial_meta\"><\/div><\/div><\/div><\/div>\n<\/div>\n\n<div class=\"et_pb_column_11 et_pb_column et_pb_column_1_5 et_block_column et_pb_css_mix_blend_mode_passthrough\">\n<div class=\"et_pb_testimonial_2 et_pb_testimonial et_pb_icon_off et_pb_bg_layout_light et_pb_module et_block_module\"><div class=\"et_pb_testimonial_inner\"><div class=\"et_pb_testimonial_portrait\" style=\"background-image:url(https:\/\/redisan.ntss.com.ar\/wp-content\/uploads\/2025\/12\/stars-5.png)\"><\/div><div class=\"et_pb_testimonial_description\"><div class=\"et_pb_testimonial_description_inner\"><div class=\"et_pb_testimonial_content\"><p>\"Hace muchos a\u00f1os que les compro y jam\u00e1s un problema.\"<\/p>\n<\/div><\/div><div class=\"et_pb_testimonial_meta\"><\/div><\/div><\/div><\/div>\n<\/div>\n\n<div class=\"et_pb_column_12 et_pb_column et_pb_column_1_5 et_block_column et_pb_css_mix_blend_mode_passthrough\">\n<div class=\"et_pb_testimonial_3 et_pb_testimonial et_pb_icon_off et_pb_bg_layout_light et_pb_module et_block_module\"><div class=\"et_pb_testimonial_inner\"><div class=\"et_pb_testimonial_portrait\" style=\"background-image:url(https:\/\/redisan.ntss.com.ar\/wp-content\/uploads\/2025\/12\/stars-5.png)\"><\/div><div class=\"et_pb_testimonial_description\"><div class=\"et_pb_testimonial_description_inner\"><div class=\"et_pb_testimonial_content\"><p>\"Comprarles es una garant\u00eda de buen funcionamiento, pero tambi\u00e9n de resoluci\u00f3n en caso de que ocurra lo contrario, gracias.\"<\/p>\n<\/div><\/div><div class=\"et_pb_testimonial_meta\"><\/div><\/div><\/div><\/div>\n<\/div>\n\n<div class=\"et_pb_column_13 et_pb_column et_pb_column_1_5 et-last-child et_block_column et_pb_css_mix_blend_mode_passthrough\">\n<div class=\"et_pb_testimonial_4 et_pb_testimonial et_pb_icon_off et_pb_bg_layout_light et_pb_module et_block_module\"><div class=\"et_pb_testimonial_inner\"><div class=\"et_pb_testimonial_portrait\" style=\"background-image:url(https:\/\/redisan.ntss.com.ar\/wp-content\/uploads\/2025\/12\/stars-5.png)\"><\/div><div class=\"et_pb_testimonial_description\"><div class=\"et_pb_testimonial_description_inner\"><div class=\"et_pb_testimonial_content\"><p>\u201cValoro mucho la confianza general en el material y su atenci\u00f3n. Son muchos a\u00f1os siendo cliente y el trabajo es aceitado.\u201d<\/p>\n<\/div><\/div><div class=\"et_pb_testimonial_meta\"><\/div><\/div><\/div><\/div>\n<\/div>\n<\/div>\n<div class=\"et_pb_bottom_inside_divider et-no-transition\"><\/div><\/div>","protected":false},"excerpt":{"rendered":"","protected":false},"author":2,"featured_media":0,"parent":0,"menu_order":0,"comment_status":"closed","ping_status":"closed","template":"","meta":{"_joinchat":[],"footnotes":""},"class_list":["post-63","page","type-page","status-publish","hentry"],"yoast_head":"<!-- This site is optimized with the Yoast SEO plugin v27.4 - https:\/\/yoast.com\/product\/yoast-seo-wordpress\/ -->\n<title>Redisan S.R.L | L\u00edder en fundici\u00f3n de hierro gris y nodular.<\/title>\n<meta name=\"description\" content=\"Creamos soluciones integrales para redes de agua, sistemas cloacales, infraestructura hidr\u00e1ulica y proyectos de desarrollo urbano p\u00fablicos y privados.\" \/>\n<meta name=\"robots\" content=\"index, follow, max-snippet:-1, max-image-preview:large, max-video-preview:-1\" \/>\n<link rel=\"canonical\" href=\"https:\/\/redisan.com.ar\/\" \/>\n<meta property=\"og:locale\" content=\"es_ES\" \/>\n<meta property=\"og:type\" content=\"article\" \/>\n<meta property=\"og:title\" content=\"Redisan S.R.L | L\u00edder en fundici\u00f3n de hierro gris y nodular.\" \/>\n<meta property=\"og:description\" content=\"Creamos soluciones integrales para redes de agua, sistemas cloacales, infraestructura hidr\u00e1ulica y proyectos de desarrollo urbano p\u00fablicos y privados.\" \/>\n<meta property=\"og:url\" content=\"https:\/\/redisan.com.ar\/\" \/>\n<meta property=\"og:site_name\" content=\"Redisan S.R.L\" \/>\n<meta property=\"article:modified_time\" content=\"2026-04-15T20:07:37+00:00\" \/>\n<meta name=\"twitter:card\" content=\"summary_large_image\" \/>\n<script type=\"application\/ld+json\" class=\"yoast-schema-graph\">{\"@context\":\"https:\\\/\\\/schema.org\",\"@graph\":[{\"@type\":\"WebPage\",\"@id\":\"https:\\\/\\\/redisan.com.ar\\\/\",\"url\":\"https:\\\/\\\/redisan.com.ar\\\/\",\"name\":\"Redisan S.R.L | L\u00edder en fundici\u00f3n de hierro gris y nodular.\",\"isPartOf\":{\"@id\":\"https:\\\/\\\/redisan.com.ar\\\/#website\"},\"datePublished\":\"2025-12-22T16:48:10+00:00\",\"dateModified\":\"2026-04-15T20:07:37+00:00\",\"description\":\"Creamos soluciones integrales para redes de agua, sistemas cloacales, infraestructura hidr\u00e1ulica y proyectos de desarrollo urbano p\u00fablicos y privados.\",\"breadcrumb\":{\"@id\":\"https:\\\/\\\/redisan.com.ar\\\/#breadcrumb\"},\"inLanguage\":\"es\",\"potentialAction\":[{\"@type\":\"ReadAction\",\"target\":[\"https:\\\/\\\/redisan.com.ar\\\/\"]}]},{\"@type\":\"BreadcrumbList\",\"@id\":\"https:\\\/\\\/redisan.com.ar\\\/#breadcrumb\",\"itemListElement\":[{\"@type\":\"ListItem\",\"position\":1,\"name\":\"Portada\",\"item\":\"https:\\\/\\\/redisan.com.ar\\\/\"},{\"@type\":\"ListItem\",\"position\":2,\"name\":\"INICIO\"}]},{\"@type\":\"WebSite\",\"@id\":\"https:\\\/\\\/redisan.com.ar\\\/#website\",\"url\":\"https:\\\/\\\/redisan.com.ar\\\/\",\"name\":\"Redisan S.R.L\",\"description\":\"L\u00edder en fundici\u00f3n de hierro gris y nodular.\",\"publisher\":{\"@id\":\"https:\\\/\\\/redisan.com.ar\\\/#organization\"},\"potentialAction\":[{\"@type\":\"SearchAction\",\"target\":{\"@type\":\"EntryPoint\",\"urlTemplate\":\"https:\\\/\\\/redisan.com.ar\\\/?s={search_term_string}\"},\"query-input\":{\"@type\":\"PropertyValueSpecification\",\"valueRequired\":true,\"valueName\":\"search_term_string\"}}],\"inLanguage\":\"es\"},{\"@type\":\"Organization\",\"@id\":\"https:\\\/\\\/redisan.com.ar\\\/#organization\",\"name\":\"Redisan S.R.L\",\"url\":\"https:\\\/\\\/redisan.com.ar\\\/\",\"logo\":{\"@type\":\"ImageObject\",\"inLanguage\":\"es\",\"@id\":\"https:\\\/\\\/redisan.com.ar\\\/#\\\/schema\\\/logo\\\/image\\\/\",\"url\":\"https:\\\/\\\/redisan.com.ar\\\/wp-content\\\/uploads\\\/2026\\\/03\\\/cropped-logo.png\",\"contentUrl\":\"https:\\\/\\\/redisan.com.ar\\\/wp-content\\\/uploads\\\/2026\\\/03\\\/cropped-logo.png\",\"width\":512,\"height\":512,\"caption\":\"Redisan S.R.L\"},\"image\":{\"@id\":\"https:\\\/\\\/redisan.com.ar\\\/#\\\/schema\\\/logo\\\/image\\\/\"},\"sameAs\":[\"https:\\\/\\\/www.instagram.com\\\/redisansrl\\\/\"]}]}<\/script>\n<!-- \/ Yoast SEO plugin. -->","yoast_head_json":{"title":"Redisan S.R.L | L\u00edder en fundici\u00f3n de hierro gris y nodular.","description":"Creamos soluciones integrales para redes de agua, sistemas cloacales, infraestructura hidr\u00e1ulica y proyectos de desarrollo urbano p\u00fablicos y privados.","robots":{"index":"index","follow":"follow","max-snippet":"max-snippet:-1","max-image-preview":"max-image-preview:large","max-video-preview":"max-video-preview:-1"},"canonical":"https:\/\/redisan.com.ar\/","og_locale":"es_ES","og_type":"article","og_title":"Redisan S.R.L | L\u00edder en fundici\u00f3n de hierro gris y nodular.","og_description":"Creamos soluciones integrales para redes de agua, sistemas cloacales, infraestructura hidr\u00e1ulica y proyectos de desarrollo urbano p\u00fablicos y privados.","og_url":"https:\/\/redisan.com.ar\/","og_site_name":"Redisan S.R.L","article_modified_time":"2026-04-15T20:07:37+00:00","twitter_card":"summary_large_image","schema":{"@context":"https:\/\/schema.org","@graph":[{"@type":"WebPage","@id":"https:\/\/redisan.com.ar\/","url":"https:\/\/redisan.com.ar\/","name":"Redisan S.R.L | L\u00edder en fundici\u00f3n de hierro gris y nodular.","isPartOf":{"@id":"https:\/\/redisan.com.ar\/#website"},"datePublished":"2025-12-22T16:48:10+00:00","dateModified":"2026-04-15T20:07:37+00:00","description":"Creamos soluciones integrales para redes de agua, sistemas cloacales, infraestructura hidr\u00e1ulica y proyectos de desarrollo urbano p\u00fablicos y privados.","breadcrumb":{"@id":"https:\/\/redisan.com.ar\/#breadcrumb"},"inLanguage":"es","potentialAction":[{"@type":"ReadAction","target":["https:\/\/redisan.com.ar\/"]}]},{"@type":"BreadcrumbList","@id":"https:\/\/redisan.com.ar\/#breadcrumb","itemListElement":[{"@type":"ListItem","position":1,"name":"Portada","item":"https:\/\/redisan.com.ar\/"},{"@type":"ListItem","position":2,"name":"INICIO"}]},{"@type":"WebSite","@id":"https:\/\/redisan.com.ar\/#website","url":"https:\/\/redisan.com.ar\/","name":"Redisan S.R.L","description":"L\u00edder en fundici\u00f3n de hierro gris y nodular.","publisher":{"@id":"https:\/\/redisan.com.ar\/#organization"},"potentialAction":[{"@type":"SearchAction","target":{"@type":"EntryPoint","urlTemplate":"https:\/\/redisan.com.ar\/?s={search_term_string}"},"query-input":{"@type":"PropertyValueSpecification","valueRequired":true,"valueName":"search_term_string"}}],"inLanguage":"es"},{"@type":"Organization","@id":"https:\/\/redisan.com.ar\/#organization","name":"Redisan S.R.L","url":"https:\/\/redisan.com.ar\/","logo":{"@type":"ImageObject","inLanguage":"es","@id":"https:\/\/redisan.com.ar\/#\/schema\/logo\/image\/","url":"https:\/\/redisan.com.ar\/wp-content\/uploads\/2026\/03\/cropped-logo.png","contentUrl":"https:\/\/redisan.com.ar\/wp-content\/uploads\/2026\/03\/cropped-logo.png","width":512,"height":512,"caption":"Redisan S.R.L"},"image":{"@id":"https:\/\/redisan.com.ar\/#\/schema\/logo\/image\/"},"sameAs":["https:\/\/www.instagram.com\/redisansrl\/"]}]}},"_links":{"self":[{"href":"https:\/\/redisan.com.ar\/index.php\/wp-json\/wp\/v2\/pages\/63","targetHints":{"allow":["GET"]}}],"collection":[{"href":"https:\/\/redisan.com.ar\/index.php\/wp-json\/wp\/v2\/pages"}],"about":[{"href":"https:\/\/redisan.com.ar\/index.php\/wp-json\/wp\/v2\/types\/page"}],"author":[{"embeddable":true,"href":"https:\/\/redisan.com.ar\/index.php\/wp-json\/wp\/v2\/users\/2"}],"replies":[{"embeddable":true,"href":"https:\/\/redisan.com.ar\/index.php\/wp-json\/wp\/v2\/comments?post=63"}],"version-history":[{"count":4,"href":"https:\/\/redisan.com.ar\/index.php\/wp-json\/wp\/v2\/pages\/63\/revisions"}],"predecessor-version":[{"id":543,"href":"https:\/\/redisan.com.ar\/index.php\/wp-json\/wp\/v2\/pages\/63\/revisions\/543"}],"wp:attachment":[{"href":"https:\/\/redisan.com.ar\/index.php\/wp-json\/wp\/v2\/media?parent=63"}],"curies":[{"name":"wp","href":"https:\/\/api.w.org\/{rel}","templated":true}]}}