{"id":470,"date":"2026-04-13T15:59:45","date_gmt":"2026-04-13T18:59:45","guid":{"rendered":"https:\/\/redisan.com.ar\/?page_id=470"},"modified":"2026-04-13T19:35:23","modified_gmt":"2026-04-13T22:35:23","slug":"home-2","status":"publish","type":"page","link":"https:\/\/redisan.com.ar\/","title":{"rendered":"HOME"},"content":{"rendered":"<div class=\"et_pb_section_0 et_pb_section et_section_regular et_flex_section et_pb_section_parallax\"><span class=\"et-pb-parallax-wrapper\"><span class=\"et-pb-parallax-background et-pb-parallax-background-module--divi-section-0\" style=\"background-image:url(https:\/\/redisan.com.ar\/wp-content\/uploads\/2026\/04\/con-copy-copia.jpg)\"><\/span><\/span>\n<div class=\"et_pb_row_0 et_pb_row et_flex_row\">\n<div class=\"et_pb_column_0 et_pb_column et_flex_column et_pb_css_mix_blend_mode_passthrough et_flex_column_12_24 et_flex_column_12_24_tablet et_flex_column_24_24_phone\">\n<div class=\"et_pb_heading_0 et_pb_heading et_pb_module et_flex_module preset--module--divi-heading--n2dg3ifjxm\"><div class=\"et_pb_heading_container\"><h1 class=\"et_pb_module_header\">LIDERES EN FUNDICI\u00d3N DE HIERRO GRIS Y NODULAR<\/h1><\/div><\/div>\n\n<div class=\"et_pb_text_0 et_pb_text et_pb_bg_layout_light et_pb_module et_flex_module\"><div class=\"et_pb_text_inner\"><p>Somos fabricantes de soluciones integrales para redes de agua, sistemas cloacales, infraestructura hidr\u00e1ulica y proyectos de desarrollo urbano tanto p\u00fablicos como privados.<\/p>\n<p>Respaldamos cada proyecto con productos homologados de m\u00e1xima precisi\u00f3n y est\u00e1ndares de calidad internacional.<\/p>\n<\/div><\/div>\n\n<div class=\"et_pb_heading_1 et_pb_heading et_pb_module et_flex_module preset--module--divi-heading--default\"><div class=\"et_pb_heading_container\"><h4 class=\"et_pb_module_header\">Tu T\u00edtulo Va Aqu\u00ed<\/h4><\/div><\/div>\n<\/div>\n\n<div class=\"et_pb_column_1 et_pb_column et-last-child et_flex_column et_pb_column_empty et_pb_css_mix_blend_mode_passthrough et_flex_column_12_24 et_flex_column_12_24_tablet et_flex_column_24_24_phone\"><\/div>\n<\/div>\n<\/div>\n\n<div class=\"et_pb_section_1 et_pb_section et_section_regular et_flex_section\">\n<div class=\"et_pb_row_1 et_pb_row et_flex_row\">\n<div class=\"et_pb_column_2 et_pb_column et-last-child et_flex_column et_pb_css_mix_blend_mode_passthrough et_flex_column_24_24 et_flex_column_24_24_tablet et_flex_column_24_24_phone\">\n<div class=\"et_pb_heading_2 et_pb_heading et_pb_module et_flex_module preset--module--divi-heading--68d9ypgfal\"><div class=\"et_pb_heading_container\"><h2 class=\"et_pb_module_header\">Nuestras Capacidades<\/h2><\/div><\/div>\n<\/div>\n<\/div>\n<\/div>\n\n<div class=\"et_pb_section_2 et_pb_section et_section_regular et_flex_section\">\n<div class=\"et_pb_row_2 et_pb_row et_flex_row\">\n<div class=\"et_pb_column_3 et_pb_column et_flex_column et_pb_css_mix_blend_mode_passthrough et_flex_column_12_24 et_flex_column_12_24_tablet et_flex_column_24_24_phone\">\n<div class=\"et_pb_heading_3 et_pb_heading et_pb_module et_flex_module preset--module--divi-heading--sjus0u9f8s\"><div class=\"et_pb_heading_container\"><h2 class=\"et_pb_module_header\">Nuestra Historia<\/h2><\/div><\/div>\n\n<div class=\"et_pb_text_1 et_pb_text et_pb_bg_layout_light et_pb_module et_flex_module\"><div class=\"et_pb_text_inner\"><p>Redisan nace a mediados del a\u00f1o 2002, pero tras ella existe una historia familiar de fundidores con m\u00e1s de 60 a\u00f1os en el rubro. Surgimos para cubrir la demanda creciente de fundici\u00f3n nodular y gris en el mercado nacional e internacional.<\/p>\n<p>Hoy en d\u00eda nuestra familia est\u00e1 formada por personas con gran experiencia t\u00e9cnica y comercial en el sector de fundici\u00f3n, comercializaci\u00f3n y comunicaci\u00f3n.<\/p>\n<p>Se compatibilizan experiencia y profesionalidad con innovaci\u00f3n tecnol\u00f3gica y productiva para satisfacer las exigencias y normativas que requiere el mercado.<\/p>\n<\/div><\/div>\n<\/div>\n\n<div class=\"et_pb_column_4 et_pb_column et-last-child et_flex_column et_pb_css_mix_blend_mode_passthrough et_flex_column_12_24 et_flex_column_12_24_tablet et_flex_column_24_24_phone\">\n<div class=\"et_pb_image_0 et_pb_image et_pb_module et_flex_module\"><span class=\"et_pb_image_wrap\"><img loading=\"lazy\" decoding=\"async\" src=\"https:\/\/redisan.com.ar\/wp-content\/uploads\/2026\/02\/foto-02.jpg\" width=\"663\" height=\"852\" srcset=\"https:\/\/redisan.com.ar\/wp-content\/uploads\/2026\/02\/foto-02.jpg 663w, https:\/\/redisan.com.ar\/wp-content\/uploads\/2026\/02\/foto-02-480x617.jpg 480w\" sizes=\"(min-width: 0px) and (max-width: 480px) 480px, (min-width: 481px) 663px, 100vw\" class=\"wp-image-327\" \/><\/span><\/div>\n<\/div>\n<\/div>\n<\/div>\n\n<div class=\"et_pb_section_3 et_pb_section et_section_regular et_flex_section section_has_divider et_pb_top_divider\"><div class=\"et_pb_top_inside_divider et-no-transition\"><\/div>\n<div class=\"et_pb_row_3 et_pb_row et_flex_row\">\n<div class=\"et_pb_column_5 et_pb_column et-last-child et_flex_column et_pb_css_mix_blend_mode_passthrough et_flex_column_24_24 et_flex_column_24_24_tablet et_flex_column_24_24_phone\">\n<div class=\"et_pb_heading_4 et_pb_heading et_pb_module et_flex_module preset--module--divi-heading--sjus0u9f8s\"><div class=\"et_pb_heading_container\"><h2 class=\"et_pb_module_header\">Productos<\/h2><\/div><\/div>\n<\/div>\n<\/div>\n\n<div class=\"et_pb_row_4 et_pb_row et_flex_row\">\n<div class=\"et_pb_column_6 et_pb_column et_flex_column et_pb_css_mix_blend_mode_passthrough et_flex_column_6_24 et_flex_column_12_24_tablet et_flex_column_24_24_phone\">\n<div class=\"et_pb_post_nav_0 et_pb_posts_nav nav-single et_pb_module et_flex_module\"><span class=\"nav-previous\"><a href=\"https:\/\/redisan.com.ar\/index.php\/contacto\/\" rel=\"prev\" class=\"\"><span class=\"meta-nav\">&larr; <\/span><span class=\"nav-label\">Contacto<\/span><\/a><\/span><\/div>\n<\/div>\n\n<div class=\"et_pb_column_7 et_pb_column et_flex_column et_pb_css_mix_blend_mode_passthrough et_flex_column_6_24 et_flex_column_12_24_tablet et_flex_column_24_24_phone\">\n<div class=\"et_pb_post_nav_1 et_pb_posts_nav nav-single et_pb_module et_flex_module\"><span class=\"nav-previous\"><a href=\"https:\/\/redisan.com.ar\/index.php\/contacto\/\" rel=\"prev\" class=\"\"><span class=\"meta-nav\">&larr; <\/span><span class=\"nav-label\">Contacto<\/span><\/a><\/span><\/div>\n<\/div>\n\n<div class=\"et_pb_column_8 et_pb_column et_flex_column et_pb_css_mix_blend_mode_passthrough et_flex_column_6_24 et_flex_column_12_24_tablet et_flex_column_24_24_phone\">\n<div class=\"et_pb_post_nav_2 et_pb_posts_nav nav-single et_pb_module et_flex_module\"><span class=\"nav-previous\"><a href=\"https:\/\/redisan.com.ar\/index.php\/contacto\/\" rel=\"prev\" class=\"\"><span class=\"meta-nav\">&larr; <\/span><span class=\"nav-label\">Contacto<\/span><\/a><\/span><\/div>\n<\/div>\n\n<div class=\"et_pb_column_9 et_pb_column et-last-child et_flex_column et_pb_css_mix_blend_mode_passthrough et_flex_column_6_24 et_flex_column_12_24_tablet et_flex_column_24_24_phone\">\n<div class=\"et_pb_post_nav_3 et_pb_posts_nav nav-single et_pb_module et_flex_module\"><span class=\"nav-previous\"><a href=\"https:\/\/redisan.com.ar\/index.php\/contacto\/\" rel=\"prev\" class=\"\"><span class=\"meta-nav\">&larr; <\/span><span class=\"nav-label\">Contacto<\/span><\/a><\/span><\/div>\n<\/div>\n<\/div>\n<\/div>\n\n<div class=\"et_pb_section_4 et_pb_section et_section_regular et_flex_section section_has_divider et_pb_bottom_divider\">\n<div class=\"et_pb_row_5 et_pb_row et_flex_row\">\n<div class=\"et_pb_column_10 et_pb_column et-last-child et_flex_column et_pb_css_mix_blend_mode_passthrough et_flex_column_24_24 et_flex_column_24_24_tablet et_flex_column_24_24_phone\">\n<div class=\"et_pb_heading_5 et_pb_heading et_pb_module et_flex_module preset--module--divi-heading--sjus0u9f8s\"><div class=\"et_pb_heading_container\"><h2 class=\"et_pb_module_header\">Qui\u00e9nes nos eligen<\/h2><\/div><\/div>\n<\/div>\n<\/div>\n\n<div class=\"et_pb_row_6 et_pb_row et_flex_row\">\n<div class=\"et_pb_column_11 et_pb_column et_flex_column et_pb_css_mix_blend_mode_passthrough et_flex_column_8_24 et_flex_column_8_24_tablet et_flex_column_24_24_phone\">\n<div class=\"et_pb_image_1 et_pb_image et_pb_module et_flex_module\"><span class=\"et_pb_image_wrap\"><img loading=\"lazy\" decoding=\"async\" src=\"https:\/\/redisan.com.ar\/wp-content\/uploads\/2026\/04\/SUPERC.jpg\" title=\"SUPERC\" width=\"1024\" height=\"688\" srcset=\"https:\/\/redisan.com.ar\/wp-content\/uploads\/2026\/04\/SUPERC.jpg 1024w, https:\/\/redisan.com.ar\/wp-content\/uploads\/2026\/04\/SUPERC-980x658.jpg 980w, https:\/\/redisan.com.ar\/wp-content\/uploads\/2026\/04\/SUPERC-480x323.jpg 480w\" sizes=\"(min-width: 0px) and (max-width: 480px) 480px, (min-width: 481px) and (max-width: 980px) 980px, (min-width: 981px) 1024px, 100vw\" class=\"wp-image-496\" \/><\/span><\/div>\n<\/div>\n\n<div class=\"et_pb_column_12 et_pb_column et_flex_column et_pb_css_mix_blend_mode_passthrough et_flex_column_8_24 et_flex_column_8_24_tablet et_flex_column_24_24_phone\">\n<div class=\"et_pb_image_2 et_pb_image et_pb_module et_flex_module\"><span class=\"et_pb_image_wrap\"><img loading=\"lazy\" decoding=\"async\" src=\"https:\/\/redisan.com.ar\/wp-content\/uploads\/2026\/04\/AYSA.png\" title=\"AYSA\" width=\"1280\" height=\"1280\" srcset=\"https:\/\/redisan.com.ar\/wp-content\/uploads\/2026\/04\/AYSA.png 1280w, https:\/\/redisan.com.ar\/wp-content\/uploads\/2026\/04\/AYSA-980x980.png 980w, https:\/\/redisan.com.ar\/wp-content\/uploads\/2026\/04\/AYSA-480x480.png 480w\" sizes=\"(min-width: 0px) and (max-width: 480px) 480px, (min-width: 481px) and (max-width: 980px) 980px, (min-width: 981px) 1280px, 100vw\" class=\"wp-image-491\" \/><\/span><\/div>\n<\/div>\n\n<div class=\"et_pb_column_13 et_pb_column et_flex_column et_pb_css_mix_blend_mode_passthrough et_flex_column_8_24 et_flex_column_8_24_tablet et_flex_column_24_24_phone\">\n<div class=\"et_pb_image_3 et_pb_image et_pb_module et_flex_module\"><span class=\"et_pb_image_wrap\"><img loading=\"lazy\" decoding=\"async\" src=\"https:\/\/redisan.com.ar\/wp-content\/uploads\/2026\/04\/CONSULT.png\" title=\"CONSULT\" width=\"545\" height=\"92\" srcset=\"https:\/\/redisan.com.ar\/wp-content\/uploads\/2026\/04\/CONSULT.png 545w, https:\/\/redisan.com.ar\/wp-content\/uploads\/2026\/04\/CONSULT-480x81.png 480w\" sizes=\"(min-width: 0px) and (max-width: 480px) 480px, (min-width: 481px) 545px, 100vw\" class=\"wp-image-497\" \/><\/span><\/div>\n<\/div>\n\n<div class=\"et_pb_column_14 et_pb_column et_flex_column et_pb_css_mix_blend_mode_passthrough et_flex_column_8_24 et_flex_column_8_24_tablet et_flex_column_24_24_phone\">\n<div class=\"et_pb_image_4 et_pb_image et_pb_module et_flex_module\"><span class=\"et_pb_image_wrap\"><img loading=\"lazy\" decoding=\"async\" src=\"https:\/\/redisan.com.ar\/wp-content\/uploads\/2026\/04\/AGUAS-CORDB.png\" title=\"AGUAS CORDB\" width=\"1375\" height=\"768\" srcset=\"https:\/\/redisan.com.ar\/wp-content\/uploads\/2026\/04\/AGUAS-CORDB.png 1375w, https:\/\/redisan.com.ar\/wp-content\/uploads\/2026\/04\/AGUAS-CORDB-1280x715.png 1280w, https:\/\/redisan.com.ar\/wp-content\/uploads\/2026\/04\/AGUAS-CORDB-980x547.png 980w, https:\/\/redisan.com.ar\/wp-content\/uploads\/2026\/04\/AGUAS-CORDB-480x268.png 480w\" sizes=\"(min-width: 0px) and (max-width: 480px) 480px, (min-width: 481px) and (max-width: 980px) 980px, (min-width: 981px) and (max-width: 1280px) 1280px, (min-width: 1281px) 1375px, 100vw\" class=\"wp-image-500\" \/><\/span><\/div>\n<\/div>\n\n<div class=\"et_pb_column_15 et_pb_column et_flex_column et_pb_css_mix_blend_mode_passthrough et_flex_column_8_24 et_flex_column_8_24_tablet et_flex_column_24_24_phone\">\n<div class=\"et_pb_image_5 et_pb_image et_pb_module et_flex_module\"><span class=\"et_pb_image_wrap\"><img loading=\"lazy\" decoding=\"async\" src=\"https:\/\/redisan.com.ar\/wp-content\/uploads\/2026\/04\/AGUAS-STAFE.png\" title=\"AGUAS STAFE\" width=\"1228\" height=\"864\" srcset=\"https:\/\/redisan.com.ar\/wp-content\/uploads\/2026\/04\/AGUAS-STAFE.png 1228w, https:\/\/redisan.com.ar\/wp-content\/uploads\/2026\/04\/AGUAS-STAFE-980x690.png 980w, https:\/\/redisan.com.ar\/wp-content\/uploads\/2026\/04\/AGUAS-STAFE-480x338.png 480w\" sizes=\"(min-width: 0px) and (max-width: 480px) 480px, (min-width: 481px) and (max-width: 980px) 980px, (min-width: 981px) 1228px, 100vw\" class=\"wp-image-499\" \/><\/span><\/div>\n<\/div>\n\n<div class=\"et_pb_column_16 et_pb_column et-last-child et_flex_column et_pb_css_mix_blend_mode_passthrough et_flex_column_8_24 et_flex_column_8_24_tablet et_flex_column_24_24_phone\">\n<div class=\"et_pb_image_6 et_pb_image et_pb_module et_flex_module\"><span class=\"et_pb_image_wrap\"><img loading=\"lazy\" decoding=\"async\" src=\"https:\/\/redisan.com.ar\/wp-content\/uploads\/2026\/04\/AGUAS-MDZ-e1776117906547.png\" title=\"AGUAS MDZ\" width=\"844\" height=\"498\" srcset=\"https:\/\/redisan.com.ar\/wp-content\/uploads\/2026\/04\/AGUAS-MDZ-e1776117906547.png 844w\" sizes=\"(min-width: 0px) and (max-width: 480px) 480px, (min-width: 481px) 844px, 100vw\" class=\"wp-image-495\" \/><\/span><\/div>\n<\/div>\n<\/div>\n<div class=\"et_pb_bottom_inside_divider et-no-transition\"><\/div><\/div>","protected":false},"excerpt":{"rendered":"","protected":false},"author":4,"featured_media":0,"parent":0,"menu_order":0,"comment_status":"closed","ping_status":"closed","template":"","meta":{"_joinchat":[],"footnotes":""},"class_list":["post-470","page","type-page","status-publish","hentry"],"yoast_head":"<!-- This site is optimized with the Yoast SEO plugin v27.3 - https:\/\/yoast.com\/product\/yoast-seo-wordpress\/ -->\n<title>HOME - Redisan S.R.L<\/title>\n<meta name=\"robots\" content=\"index, follow, max-snippet:-1, max-image-preview:large, max-video-preview:-1\" \/>\n<link rel=\"canonical\" href=\"https:\/\/redisan.com.ar\/\" \/>\n<meta property=\"og:locale\" content=\"es_ES\" \/>\n<meta property=\"og:type\" content=\"article\" \/>\n<meta property=\"og:title\" content=\"HOME - Redisan S.R.L\" \/>\n<meta property=\"og:url\" content=\"https:\/\/redisan.com.ar\/\" \/>\n<meta property=\"og:site_name\" content=\"Redisan S.R.L\" \/>\n<meta property=\"article:modified_time\" content=\"2026-04-13T22:35:23+00:00\" \/>\n<meta name=\"twitter:card\" content=\"summary_large_image\" \/>\n<script type=\"application\/ld+json\" class=\"yoast-schema-graph\">{\"@context\":\"https:\\\/\\\/schema.org\",\"@graph\":[{\"@type\":\"WebPage\",\"@id\":\"https:\\\/\\\/redisan.com.ar\\\/\",\"url\":\"https:\\\/\\\/redisan.com.ar\\\/\",\"name\":\"HOME - Redisan S.R.L\",\"isPartOf\":{\"@id\":\"https:\\\/\\\/redisan.com.ar\\\/#website\"},\"datePublished\":\"2026-04-13T18:59:45+00:00\",\"dateModified\":\"2026-04-13T22:35:23+00:00\",\"breadcrumb\":{\"@id\":\"https:\\\/\\\/redisan.com.ar\\\/#breadcrumb\"},\"inLanguage\":\"es\",\"potentialAction\":[{\"@type\":\"ReadAction\",\"target\":[\"https:\\\/\\\/redisan.com.ar\\\/\"]}]},{\"@type\":\"BreadcrumbList\",\"@id\":\"https:\\\/\\\/redisan.com.ar\\\/#breadcrumb\",\"itemListElement\":[{\"@type\":\"ListItem\",\"position\":1,\"name\":\"Portada\",\"item\":\"https:\\\/\\\/redisan.com.ar\\\/\"},{\"@type\":\"ListItem\",\"position\":2,\"name\":\"HOME\"}]},{\"@type\":\"WebSite\",\"@id\":\"https:\\\/\\\/redisan.com.ar\\\/#website\",\"url\":\"https:\\\/\\\/redisan.com.ar\\\/\",\"name\":\"Redisan S.R.L\",\"description\":\"L\u00edder en fundici\u00f3n de hierro gris y nodular.\",\"publisher\":{\"@id\":\"https:\\\/\\\/redisan.com.ar\\\/#organization\"},\"potentialAction\":[{\"@type\":\"SearchAction\",\"target\":{\"@type\":\"EntryPoint\",\"urlTemplate\":\"https:\\\/\\\/redisan.com.ar\\\/?s={search_term_string}\"},\"query-input\":{\"@type\":\"PropertyValueSpecification\",\"valueRequired\":true,\"valueName\":\"search_term_string\"}}],\"inLanguage\":\"es\"},{\"@type\":\"Organization\",\"@id\":\"https:\\\/\\\/redisan.com.ar\\\/#organization\",\"name\":\"Redisan S.R.L\",\"url\":\"https:\\\/\\\/redisan.com.ar\\\/\",\"logo\":{\"@type\":\"ImageObject\",\"inLanguage\":\"es\",\"@id\":\"https:\\\/\\\/redisan.com.ar\\\/#\\\/schema\\\/logo\\\/image\\\/\",\"url\":\"https:\\\/\\\/redisan.com.ar\\\/wp-content\\\/uploads\\\/2026\\\/03\\\/cropped-logo.png\",\"contentUrl\":\"https:\\\/\\\/redisan.com.ar\\\/wp-content\\\/uploads\\\/2026\\\/03\\\/cropped-logo.png\",\"width\":512,\"height\":512,\"caption\":\"Redisan S.R.L\"},\"image\":{\"@id\":\"https:\\\/\\\/redisan.com.ar\\\/#\\\/schema\\\/logo\\\/image\\\/\"},\"sameAs\":[\"https:\\\/\\\/www.instagram.com\\\/redisansrl\\\/\"]}]}<\/script>\n<!-- \/ Yoast SEO plugin. -->","yoast_head_json":{"title":"HOME - Redisan S.R.L","robots":{"index":"index","follow":"follow","max-snippet":"max-snippet:-1","max-image-preview":"max-image-preview:large","max-video-preview":"max-video-preview:-1"},"canonical":"https:\/\/redisan.com.ar\/","og_locale":"es_ES","og_type":"article","og_title":"HOME - Redisan S.R.L","og_url":"https:\/\/redisan.com.ar\/","og_site_name":"Redisan S.R.L","article_modified_time":"2026-04-13T22:35:23+00:00","twitter_card":"summary_large_image","schema":{"@context":"https:\/\/schema.org","@graph":[{"@type":"WebPage","@id":"https:\/\/redisan.com.ar\/","url":"https:\/\/redisan.com.ar\/","name":"HOME - Redisan S.R.L","isPartOf":{"@id":"https:\/\/redisan.com.ar\/#website"},"datePublished":"2026-04-13T18:59:45+00:00","dateModified":"2026-04-13T22:35:23+00:00","breadcrumb":{"@id":"https:\/\/redisan.com.ar\/#breadcrumb"},"inLanguage":"es","potentialAction":[{"@type":"ReadAction","target":["https:\/\/redisan.com.ar\/"]}]},{"@type":"BreadcrumbList","@id":"https:\/\/redisan.com.ar\/#breadcrumb","itemListElement":[{"@type":"ListItem","position":1,"name":"Portada","item":"https:\/\/redisan.com.ar\/"},{"@type":"ListItem","position":2,"name":"HOME"}]},{"@type":"WebSite","@id":"https:\/\/redisan.com.ar\/#website","url":"https:\/\/redisan.com.ar\/","name":"Redisan S.R.L","description":"L\u00edder en fundici\u00f3n de hierro gris y nodular.","publisher":{"@id":"https:\/\/redisan.com.ar\/#organization"},"potentialAction":[{"@type":"SearchAction","target":{"@type":"EntryPoint","urlTemplate":"https:\/\/redisan.com.ar\/?s={search_term_string}"},"query-input":{"@type":"PropertyValueSpecification","valueRequired":true,"valueName":"search_term_string"}}],"inLanguage":"es"},{"@type":"Organization","@id":"https:\/\/redisan.com.ar\/#organization","name":"Redisan S.R.L","url":"https:\/\/redisan.com.ar\/","logo":{"@type":"ImageObject","inLanguage":"es","@id":"https:\/\/redisan.com.ar\/#\/schema\/logo\/image\/","url":"https:\/\/redisan.com.ar\/wp-content\/uploads\/2026\/03\/cropped-logo.png","contentUrl":"https:\/\/redisan.com.ar\/wp-content\/uploads\/2026\/03\/cropped-logo.png","width":512,"height":512,"caption":"Redisan S.R.L"},"image":{"@id":"https:\/\/redisan.com.ar\/#\/schema\/logo\/image\/"},"sameAs":["https:\/\/www.instagram.com\/redisansrl\/"]}]}},"_links":{"self":[{"href":"https:\/\/redisan.com.ar\/index.php\/wp-json\/wp\/v2\/pages\/470","targetHints":{"allow":["GET"]}}],"collection":[{"href":"https:\/\/redisan.com.ar\/index.php\/wp-json\/wp\/v2\/pages"}],"about":[{"href":"https:\/\/redisan.com.ar\/index.php\/wp-json\/wp\/v2\/types\/page"}],"author":[{"embeddable":true,"href":"https:\/\/redisan.com.ar\/index.php\/wp-json\/wp\/v2\/users\/4"}],"replies":[{"embeddable":true,"href":"https:\/\/redisan.com.ar\/index.php\/wp-json\/wp\/v2\/comments?post=470"}],"version-history":[{"count":20,"href":"https:\/\/redisan.com.ar\/index.php\/wp-json\/wp\/v2\/pages\/470\/revisions"}],"predecessor-version":[{"id":514,"href":"https:\/\/redisan.com.ar\/index.php\/wp-json\/wp\/v2\/pages\/470\/revisions\/514"}],"wp:attachment":[{"href":"https:\/\/redisan.com.ar\/index.php\/wp-json\/wp\/v2\/media?parent=470"}],"curies":[{"name":"wp","href":"https:\/\/api.w.org\/{rel}","templated":true}]}}