{"id":190,"date":"2026-01-05T13:21:54","date_gmt":"2026-01-05T13:21:54","guid":{"rendered":"https:\/\/redisan.ntss.com.ar\/?page_id=190"},"modified":"2026-05-12T17:54:23","modified_gmt":"2026-05-12T20:54:23","slug":"empresa","status":"publish","type":"page","link":"https:\/\/redisan.com.ar\/index.php\/empresa\/","title":{"rendered":"Empresa"},"content":{"rendered":"<div class=\"et_pb_section_0 et_pb_section et_section_regular et_block_section section_has_divider et_pb_bottom_divider\">\n<div class=\"et_pb_row_0 et_pb_row et_block_row\">\n<div class=\"et_pb_column_0 et_pb_column et_pb_column_2_3 et_block_column et_pb_css_mix_blend_mode_passthrough\">\n<div class=\"et_pb_text_0 et_pb_text et_pb_bg_layout_dark et_pb_module et_block_module\"><div class=\"et_pb_text_inner\"><h1>Nosotros<\/h1>\n<\/div><\/div>\n\n<div class=\"et_pb_text_1 et_pb_text et_pb_bg_layout_dark et_pb_module et_block_module\"><div class=\"et_pb_text_inner\"><p>Esfuerzo y trabajo en equipo<\/p>\n<\/div><\/div>\n<\/div>\n\n<div class=\"et_pb_column_1 et_pb_column et_pb_column_1_3 et-last-child et_block_column et_pb_column_empty et_pb_css_mix_blend_mode_passthrough\"><\/div>\n<\/div>\n<div class=\"et_pb_bottom_inside_divider et-no-transition\"><\/div><\/div>\n\n<div class=\"et_pb_section_1 et_pb_section et_section_regular et_block_section\">\n<div class=\"et_pb_row_1 et_pb_row et_block_row\">\n<div class=\"et_pb_column_2 et_pb_column et_pb_column_1_2 et_block_column et_pb_css_mix_blend_mode_passthrough\">\n<div class=\"et_pb_text_2 et_pb_text et_pb_bg_layout_light et_pb_module et_block_module\"><div class=\"et_pb_text_inner\"><h2>Nuestra empresa<\/h2>\n<\/div><\/div>\n\n<div class=\"et_pb_divider_0 et_pb_divider et_pb_space et_pb_divider_position_center et_pb_module\"><div class=\"et_pb_divider_internal\"><\/div><\/div>\n\n<div class=\"et_pb_text_3 et_pb_text et_pb_bg_layout_light et_pb_module et_block_module\"><div class=\"et_pb_text_inner\"><p><strong>Redisan<\/strong> nace a mediados del a\u00f1o 2002, pero tras ella existe una historia familiar de fundidores con m\u00e1s de 60 a\u00f1os en el rubro. Surgimos para cubrir la demanda creciente de fundici\u00f3n nodular y gris en el mercado nacional e internacional.<\/p>\n<p>Hoy en d\u00eda nuestra familia est\u00e1 formada por personas con gran experiencia t\u00e9cnica y comercial en el sector de fundici\u00f3n, comercializaci\u00f3n y comunicaci\u00f3n.<\/p>\n<p>Se compatibilizan experiencia y profesionalidad con innovaci\u00f3n tecnol\u00f3gica y productiva para satisfacer las exigencias y normativas que requiere el mercado.<\/p>\n<p>El compromiso y la responsabilidad en el manejo de la empresa, ubicaron la firma en un puesto l\u00edder en el mercado por el compromiso con sus clientes y la calidad en sus productos.<\/p>\n<\/div><\/div>\n<\/div>\n\n<div class=\"et_pb_column_3 et_pb_column et_pb_column_1_2 et-last-child et_block_column et_pb_css_mix_blend_mode_passthrough\">\n<div class=\"et_pb_image_0 et_pb_image et_pb_module et_block_module\"><span class=\"et_pb_image_wrap\"><img decoding=\"async\" src=\"https:\/\/redisan.ntss.com.ar\/wp-content\/uploads\/2026\/01\/foto-01.jpg\" title=\"foto-01\" \/><\/span><\/div>\n<\/div>\n<\/div>\n\n<div class=\"et_pb_row_2 et_pb_row et_block_row\">\n<div class=\"et_pb_column_4 et_pb_column et_pb_column_1_2 et_block_column et_pb_css_mix_blend_mode_passthrough\">\n<div class=\"et_pb_image_1 et_pb_image et_pb_module et_block_module\"><span class=\"et_pb_image_wrap\"><img decoding=\"async\" src=\"https:\/\/redisan.ntss.com.ar\/wp-content\/uploads\/2026\/01\/121.jpg\" title=\"121\" \/><\/span><\/div>\n<\/div>\n\n<div class=\"et_pb_column_5 et_pb_column et_pb_column_1_2 et-last-child et_block_column et_pb_css_mix_blend_mode_passthrough\">\n<div class=\"et_pb_text_4 et_pb_text et_pb_bg_layout_light et_pb_module et_block_module\"><div class=\"et_pb_text_inner\"><h2>Nuestro Equipo<\/h2>\n<\/div><\/div>\n\n<div class=\"et_pb_divider_1 et_pb_divider et_pb_space et_pb_divider_position_center et_pb_module\"><div class=\"et_pb_divider_internal\"><\/div><\/div>\n\n<div class=\"et_pb_text_5 et_pb_text et_pb_bg_layout_light et_pb_module et_block_module\"><div class=\"et_pb_text_inner\"><p> Nuestra solidez se fundamenta en la vasta trayectoria de nuestro capital humano. Combinamos la agilidad de una organizaci\u00f3n moderna con el respaldo de un equipo t\u00e9cnico de amplia experiencia en el sector.<br \/>\nContamos con un equipo interdisciplinario de expertos en cada etapa del proceso (desde el planeamiento y la fundici\u00f3n hasta la log\u00edstica t\u00e9cnica) aportando d\u00e9cadas de experiencia acumulada para garantizar la excelencia en cada pieza. <\/p>\n<\/div><\/div>\n<\/div>\n<\/div>\n\n<div class=\"et_pb_row_3 et_pb_row et_block_row\">\n<div class=\"et_pb_column_6 et_pb_column et_pb_column_1_2 et_block_column et_pb_css_mix_blend_mode_passthrough\">\n<div class=\"et_pb_text_6 et_pb_text et_pb_bg_layout_light et_pb_module et_block_module\"><div class=\"et_pb_text_inner\"><h2>Nuestra Meta<\/h2>\n<\/div><\/div>\n\n<div class=\"et_pb_divider_2 et_pb_divider et_pb_space et_pb_divider_position_center et_pb_module\"><div class=\"et_pb_divider_internal\"><\/div><\/div>\n\n<div class=\"et_pb_text_7 et_pb_text et_pb_bg_layout_light et_pb_module et_block_module\"><div class=\"et_pb_text_inner\"><p>Nuestra meta es consolidar la calidad y el servicio como pilares fundamentales de nuestra identidad.<\/p>\n<p>Creemos en el trabajo en equipo integral como motor para alcanzar nuestros objetivos. Este compromiso es compartido por cada integrante de la organizaci\u00f3n, desde la direcci\u00f3n hasta la expedici\u00f3n, promoviendo una cultura de trabajo en equipo orientada a la excelencia. Consideramos la retroalimentaci\u00f3n de nuestros clientes como un activo estrat\u00e9gico indispensable para la mejora continua de nuestros procesos.<\/p>\n<\/div><\/div>\n<\/div>\n\n<div class=\"et_pb_column_7 et_pb_column et_pb_column_1_2 et-last-child et_block_column et_pb_css_mix_blend_mode_passthrough\">\n<div class=\"et_pb_image_2 et_pb_image et_pb_module et_block_module\"><span class=\"et_pb_image_wrap\"><img decoding=\"async\" src=\"https:\/\/redisan.ntss.com.ar\/wp-content\/uploads\/2026\/01\/102.jpg\" title=\"102\" \/><\/span><\/div>\n<\/div>\n<\/div>\n\n<div class=\"et_pb_row_4 et_pb_row et_block_row\">\n<div class=\"et_pb_column_8 et_pb_column et_pb_column_1_2 et_block_column et_pb_css_mix_blend_mode_passthrough\">\n<div class=\"et_pb_image_3 et_pb_image et_pb_module et_block_module\"><span class=\"et_pb_image_wrap\"><img decoding=\"async\" src=\"https:\/\/redisan.ntss.com.ar\/wp-content\/uploads\/2026\/01\/foto-02.jpg\" title=\"foto-02\" \/><\/span><\/div>\n<\/div>\n\n<div class=\"et_pb_column_9 et_pb_column et_pb_column_1_2 et-last-child et_block_column et_pb_css_mix_blend_mode_passthrough\">\n<div class=\"et_pb_text_8 et_pb_text et_pb_bg_layout_light et_pb_module et_block_module\"><div class=\"et_pb_text_inner\"><h2>Nuestra Historia<\/h2>\n<\/div><\/div>\n\n<div class=\"et_pb_divider_3 et_pb_divider et_pb_space et_pb_divider_position_center et_pb_module\"><div class=\"et_pb_divider_internal\"><\/div><\/div>\n\n<div class=\"et_pb_text_9 et_pb_text et_pb_bg_layout_light et_pb_module et_block_module\"><div class=\"et_pb_text_inner\"><p>Nuestra planta fabril ubicada en la localidad de Lobos (Pcia. De Buenos Aires) esta construida sobre terrenos propios ocupando una superficie aproximada de 50000 mts<span>\u00b2<\/span>\u00a0y una superficie cubierta de 2500 mts<span>\u00b2.<\/span><\/p>\n<p>La misma tiene el inicio de su producci\u00f3n con el nacimiento del siglo XXI, por lo cual la misma consta con maquinas de \u00faltima generaci\u00f3n para la fabricaci\u00f3n de materiales en hierro gris y hierro nodular.<\/p>\n<p>A pesar de un contexto econ\u00f3mico desafiante, nos enorgullece el s\u00f3lido crecimiento de nuestra empresa desde su puesta en marcha consolid\u00e1ndonos a trav\u00e9s de la resiliencia y la inversi\u00f3n continua en maquinaria de \u00faltima generaci\u00f3n.\u00a0<\/p>\n<\/div><\/div>\n<\/div>\n<\/div>\n<\/div>","protected":false},"excerpt":{"rendered":"","protected":false},"author":2,"featured_media":0,"parent":0,"menu_order":0,"comment_status":"closed","ping_status":"closed","template":"","meta":{"_joinchat":[],"footnotes":""},"class_list":["post-190","page","type-page","status-publish","hentry"],"yoast_head":"<!-- This site is optimized with the Yoast SEO plugin v27.4 - https:\/\/yoast.com\/product\/yoast-seo-wordpress\/ -->\n<title>Empresa - Redisan S.R.L<\/title>\n<meta name=\"robots\" content=\"index, follow, max-snippet:-1, max-image-preview:large, max-video-preview:-1\" \/>\n<link rel=\"canonical\" href=\"https:\/\/redisan.com.ar\/index.php\/empresa\/\" \/>\n<meta property=\"og:locale\" content=\"es_ES\" \/>\n<meta property=\"og:type\" content=\"article\" \/>\n<meta property=\"og:title\" content=\"Empresa - Redisan S.R.L\" \/>\n<meta property=\"og:url\" content=\"https:\/\/redisan.com.ar\/index.php\/empresa\/\" \/>\n<meta property=\"og:site_name\" content=\"Redisan S.R.L\" \/>\n<meta property=\"article:modified_time\" content=\"2026-05-12T20:54:23+00:00\" \/>\n<meta name=\"twitter:card\" content=\"summary_large_image\" \/>\n<script type=\"application\/ld+json\" class=\"yoast-schema-graph\">{\"@context\":\"https:\\\/\\\/schema.org\",\"@graph\":[{\"@type\":\"WebPage\",\"@id\":\"https:\\\/\\\/redisan.com.ar\\\/index.php\\\/empresa\\\/\",\"url\":\"https:\\\/\\\/redisan.com.ar\\\/index.php\\\/empresa\\\/\",\"name\":\"Empresa - Redisan S.R.L\",\"isPartOf\":{\"@id\":\"https:\\\/\\\/redisan.com.ar\\\/#website\"},\"datePublished\":\"2026-01-05T13:21:54+00:00\",\"dateModified\":\"2026-05-12T20:54:23+00:00\",\"breadcrumb\":{\"@id\":\"https:\\\/\\\/redisan.com.ar\\\/index.php\\\/empresa\\\/#breadcrumb\"},\"inLanguage\":\"es\",\"potentialAction\":[{\"@type\":\"ReadAction\",\"target\":[\"https:\\\/\\\/redisan.com.ar\\\/index.php\\\/empresa\\\/\"]}]},{\"@type\":\"BreadcrumbList\",\"@id\":\"https:\\\/\\\/redisan.com.ar\\\/index.php\\\/empresa\\\/#breadcrumb\",\"itemListElement\":[{\"@type\":\"ListItem\",\"position\":1,\"name\":\"Portada\",\"item\":\"https:\\\/\\\/redisan.com.ar\\\/\"},{\"@type\":\"ListItem\",\"position\":2,\"name\":\"Empresa\"}]},{\"@type\":\"WebSite\",\"@id\":\"https:\\\/\\\/redisan.com.ar\\\/#website\",\"url\":\"https:\\\/\\\/redisan.com.ar\\\/\",\"name\":\"Redisan S.R.L\",\"description\":\"L\u00edder en fundici\u00f3n de hierro gris y nodular.\",\"publisher\":{\"@id\":\"https:\\\/\\\/redisan.com.ar\\\/#organization\"},\"potentialAction\":[{\"@type\":\"SearchAction\",\"target\":{\"@type\":\"EntryPoint\",\"urlTemplate\":\"https:\\\/\\\/redisan.com.ar\\\/?s={search_term_string}\"},\"query-input\":{\"@type\":\"PropertyValueSpecification\",\"valueRequired\":true,\"valueName\":\"search_term_string\"}}],\"inLanguage\":\"es\"},{\"@type\":\"Organization\",\"@id\":\"https:\\\/\\\/redisan.com.ar\\\/#organization\",\"name\":\"Redisan S.R.L\",\"url\":\"https:\\\/\\\/redisan.com.ar\\\/\",\"logo\":{\"@type\":\"ImageObject\",\"inLanguage\":\"es\",\"@id\":\"https:\\\/\\\/redisan.com.ar\\\/#\\\/schema\\\/logo\\\/image\\\/\",\"url\":\"https:\\\/\\\/redisan.com.ar\\\/wp-content\\\/uploads\\\/2026\\\/03\\\/cropped-logo.png\",\"contentUrl\":\"https:\\\/\\\/redisan.com.ar\\\/wp-content\\\/uploads\\\/2026\\\/03\\\/cropped-logo.png\",\"width\":512,\"height\":512,\"caption\":\"Redisan S.R.L\"},\"image\":{\"@id\":\"https:\\\/\\\/redisan.com.ar\\\/#\\\/schema\\\/logo\\\/image\\\/\"},\"sameAs\":[\"https:\\\/\\\/www.instagram.com\\\/redisansrl\\\/\"]}]}<\/script>\n<!-- \/ Yoast SEO plugin. -->","yoast_head_json":{"title":"Empresa - Redisan S.R.L","robots":{"index":"index","follow":"follow","max-snippet":"max-snippet:-1","max-image-preview":"max-image-preview:large","max-video-preview":"max-video-preview:-1"},"canonical":"https:\/\/redisan.com.ar\/index.php\/empresa\/","og_locale":"es_ES","og_type":"article","og_title":"Empresa - Redisan S.R.L","og_url":"https:\/\/redisan.com.ar\/index.php\/empresa\/","og_site_name":"Redisan S.R.L","article_modified_time":"2026-05-12T20:54:23+00:00","twitter_card":"summary_large_image","schema":{"@context":"https:\/\/schema.org","@graph":[{"@type":"WebPage","@id":"https:\/\/redisan.com.ar\/index.php\/empresa\/","url":"https:\/\/redisan.com.ar\/index.php\/empresa\/","name":"Empresa - Redisan S.R.L","isPartOf":{"@id":"https:\/\/redisan.com.ar\/#website"},"datePublished":"2026-01-05T13:21:54+00:00","dateModified":"2026-05-12T20:54:23+00:00","breadcrumb":{"@id":"https:\/\/redisan.com.ar\/index.php\/empresa\/#breadcrumb"},"inLanguage":"es","potentialAction":[{"@type":"ReadAction","target":["https:\/\/redisan.com.ar\/index.php\/empresa\/"]}]},{"@type":"BreadcrumbList","@id":"https:\/\/redisan.com.ar\/index.php\/empresa\/#breadcrumb","itemListElement":[{"@type":"ListItem","position":1,"name":"Portada","item":"https:\/\/redisan.com.ar\/"},{"@type":"ListItem","position":2,"name":"Empresa"}]},{"@type":"WebSite","@id":"https:\/\/redisan.com.ar\/#website","url":"https:\/\/redisan.com.ar\/","name":"Redisan S.R.L","description":"L\u00edder en fundici\u00f3n de hierro gris y nodular.","publisher":{"@id":"https:\/\/redisan.com.ar\/#organization"},"potentialAction":[{"@type":"SearchAction","target":{"@type":"EntryPoint","urlTemplate":"https:\/\/redisan.com.ar\/?s={search_term_string}"},"query-input":{"@type":"PropertyValueSpecification","valueRequired":true,"valueName":"search_term_string"}}],"inLanguage":"es"},{"@type":"Organization","@id":"https:\/\/redisan.com.ar\/#organization","name":"Redisan S.R.L","url":"https:\/\/redisan.com.ar\/","logo":{"@type":"ImageObject","inLanguage":"es","@id":"https:\/\/redisan.com.ar\/#\/schema\/logo\/image\/","url":"https:\/\/redisan.com.ar\/wp-content\/uploads\/2026\/03\/cropped-logo.png","contentUrl":"https:\/\/redisan.com.ar\/wp-content\/uploads\/2026\/03\/cropped-logo.png","width":512,"height":512,"caption":"Redisan S.R.L"},"image":{"@id":"https:\/\/redisan.com.ar\/#\/schema\/logo\/image\/"},"sameAs":["https:\/\/www.instagram.com\/redisansrl\/"]}]}},"_links":{"self":[{"href":"https:\/\/redisan.com.ar\/index.php\/wp-json\/wp\/v2\/pages\/190","targetHints":{"allow":["GET"]}}],"collection":[{"href":"https:\/\/redisan.com.ar\/index.php\/wp-json\/wp\/v2\/pages"}],"about":[{"href":"https:\/\/redisan.com.ar\/index.php\/wp-json\/wp\/v2\/types\/page"}],"author":[{"embeddable":true,"href":"https:\/\/redisan.com.ar\/index.php\/wp-json\/wp\/v2\/users\/2"}],"replies":[{"embeddable":true,"href":"https:\/\/redisan.com.ar\/index.php\/wp-json\/wp\/v2\/comments?post=190"}],"version-history":[{"count":9,"href":"https:\/\/redisan.com.ar\/index.php\/wp-json\/wp\/v2\/pages\/190\/revisions"}],"predecessor-version":[{"id":592,"href":"https:\/\/redisan.com.ar\/index.php\/wp-json\/wp\/v2\/pages\/190\/revisions\/592"}],"wp:attachment":[{"href":"https:\/\/redisan.com.ar\/index.php\/wp-json\/wp\/v2\/media?parent=190"}],"curies":[{"name":"wp","href":"https:\/\/api.w.org\/{rel}","templated":true}]}}